{"id":3,"date":"2025-06-10T14:16:38","date_gmt":"2025-06-10T12:16:38","guid":{"rendered":"http:\/\/broadwayinariege.fr\/?page_id=3"},"modified":"2025-07-22T11:54:15","modified_gmt":"2025-07-22T09:54:15","slug":"mentions-legales","status":"publish","type":"page","link":"https:\/\/broadwayinariege.fr\/index.php\/mentions-legales\/","title":{"rendered":"Mentions l\u00e9gales"},"content":{"rendered":"[et_pb_section fb_built=\u00a0\u00bb1&Prime; admin_label=\u00a0\u00bbsection\u00a0\u00bb _builder_version=\u00a0\u00bb4.16&Prime; global_colors_info=\u00a0\u00bb{}\u00a0\u00bb][et_pb_row admin_label=\u00a0\u00bbrow\u00a0\u00bb _builder_version=\u00a0\u00bb4.16&Prime; background_size=\u00a0\u00bbinitial\u00a0\u00bb background_position=\u00a0\u00bbtop_left\u00a0\u00bb background_repeat=\u00a0\u00bbrepeat\u00a0\u00bb global_colors_info=\u00a0\u00bb{}\u00a0\u00bb][et_pb_column type=\u00a0\u00bb4_4&Prime; _builder_version=\u00a0\u00bb4.16&Prime; custom_padding=\u00a0\u00bb|||\u00a0\u00bb global_colors_info=\u00a0\u00bb{}\u00a0\u00bb custom_padding__hover=\u00a0\u00bb|||\u00a0\u00bb][et_pb_text admin_label=\u00a0\u00bbText\u00a0\u00bb _builder_version=\u00a0\u00bb4.16&Prime; background_size=\u00a0\u00bbinitial\u00a0\u00bb background_position=\u00a0\u00bbtop_left\u00a0\u00bb background_repeat=\u00a0\u00bbrepeat\u00a0\u00bb global_colors_info=\u00a0\u00bb{}\u00a0\u00bb]<p><\/p>\n<p><strong>Cr\u00e9ation graphique, conception et r\u00e9alisation :<\/strong><br \/>Matthieu Latrille Infographiste<br \/>30 avenue de Sibian 09000 FOIX<br \/>T\u00e9l : 06 64 38 14 23 \u2013 E-mail : contact@matthieul.fr \u2013 Site : matthieul.fr<\/p>\n<p><\/p>\n<p><\/p>\n<p><strong>\u00c9diteur :<br \/><\/strong>Association Un Brin de Sens<\/p>\n<p>Mairie, place de l&rsquo;h\u00f4tel de ville<\/p>\n<p>09120 VARILHES<\/p>\n<p><\/p>\n<p><\/p>\n<p><\/p>\n<p><strong>Cr\u00e9dits photos :<\/strong><br \/>Matthieu L. infographiste, Esther Canda\u00ebs, Otmane Abdesselam<\/p>\n<p><\/p>\n<p><\/p>\n<p><strong>H\u00e9bergement :<\/strong> OVH<\/p>\n<p><\/p>\n<p><\/p>\n<p><strong>Informations l\u00e9gales :<\/strong><br \/>Les informations recueillies dans le cadre des formulaires en ligne remplis par vos soins font l\u2019objet d\u2019un traitement informatique destin\u00e9 \u00e0 l\u2019usage interne de l&rsquo;Association Un brin de sens. Pr\u00e9cision \u00e9tant ici faite que sur chaque formulaire en ligne les champs obligatoires sont identifi\u00e9s clairement. Conform\u00e9ment \u00e0 la loi \u00ab Informatique et Libert\u00e9s \u00bb du 6 janvier 1978. Les donn\u00e9es sont conserv\u00e9es pendant 2 ans \u00e0 compter de notre dernier contact et sont destin\u00e9es exclusivement de l\u2019association Un brin de sens, elles ne seront pas transmises \u00e0 des tiers. vous b\u00e9n\u00e9ficiez d\u2019un droit d\u2019acc\u00e8s et de rectification aux informations qui vous concernent. Si vous souhaitez exercer ce droit et obtenir communication des informations vous concernant, veuillez vous adresser \u00e0 asso@unbrindesens.fr. Vous pouvez \u00e9galement, pour des motifs l\u00e9gitimes, vous opposer au traitement des donn\u00e9es vous concernant.<\/p>\n<p><\/p>\n<p><\/p>\n<p><strong>Cr\u00e9dits :<\/strong><br \/>Propri\u00e9t\u00e9 intellectuelle : L\u2019int\u00e9gralit\u00e9 du site <a href=\"https:\/\/broadwayinariege.fr\">https:\/\/broadwayinariege.fr<\/a> et l\u2019ensemble de ses sous-domaines est la propri\u00e9t\u00e9 exclusive de l\u2019association Un brin de sens (textes, photos, visites virtuelles, images et tout autre \u00e9l\u00e9ment.) Toute repr\u00e9sentation ou alt\u00e9ration, partielle ou totale, du site est formellement interdite.<\/p>\n<p><\/p>\n<p><\/p>\n<p><strong>Contenu :<\/strong><br \/>L\u2019association Un brin de sens se d\u00e9gage de toutes responsabilit\u00e9s concernant tout dommage direct ou indirect de quelque nature qu\u2019il soit, li\u00e9 \u00e0 l\u2019\u00e9ventuelle absence d\u2019exactitude, de fiabilit\u00e9, de pertinence, d\u2019exhaustivit\u00e9, d\u2019actualit\u00e9 du pr\u00e9sent site. Nous portons la plus grande attention \u00e0 l\u2019\u00e9laboration du contenu de ce site, mais des erreurs peuvent appara\u00eetre. C\u2019est pourquoi il est pr\u00e9cis\u00e9 que ledit contenu est non contractuel, et fourni \u00e0 titre indicatif. L\u2019association Un brin de sens se r\u00e9serve le droit de modifier, de corriger, ou de supprimer des informations sur son site, \u00e0 tout moment et sans pr\u00e9avis.<\/p>\n<p><\/p>\n<p><\/p>\n<h2 class=\"wp-block-heading\"><\/h2>\n<p><\/p>\n<p><\/p>\n<p><\/p>\n<p><\/p>\n<p><\/p>\n<p><\/p>\n<p><\/p>\n<p><\/p>\n<p><\/p>\n<p><\/p>\n<p><\/p>\n<p><\/p>\n<p><\/p>[\/et_pb_text][\/et_pb_column][\/et_pb_row][\/et_pb_section]","protected":false},"excerpt":{"rendered":"<p>Cr\u00e9ation graphique, conception et r\u00e9alisation :Matthieu Latrille Infographiste30 avenue de Sibian 09000 FOIXT\u00e9l : 06 64 38 14 23 \u2013 E-mail : contact@matthieul.fr \u2013 Site : matthieul.fr \u00c9diteur :Association Un Brin de Sens Mairie, place de l&rsquo;h\u00f4tel de ville 09120 VARILHES Cr\u00e9dits photos :Matthieu L. infographiste, Esther Canda\u00ebs, Otmane Abdesselam H\u00e9bergement : OVH Informations l\u00e9gales [&hellip;]<\/p>\n","protected":false},"author":1,"featured_media":0,"parent":0,"menu_order":0,"comment_status":"closed","ping_status":"closed","template":"","meta":{"_et_pb_use_builder":"on","_et_pb_old_content":"<!-- wp:paragraph -->\n<p><strong>Cr\u00e9ation graphique, conception et r\u00e9alisation :<\/strong><br>Matthieu Latrille Infographiste<br>30 avenue de Sibian 09000 FOIX<br>T\u00e9l : 06 64 38 14 23 \u2013 E-mail : contact@matthieul.fr \u2013 Site : matthieul.fr<\/p>\n<!-- \/wp:paragraph -->\n\n<!-- wp:paragraph -->\n<p><strong>\u00c9diteur :<br><\/strong>Association Un brin de sens<br>CENTRE CULTUREL 38 RUE DU LION D'OR<\/p>\n<!-- \/wp:paragraph -->\n\n<!-- wp:paragraph -->\n<p>09700 SAVERDUN<\/p>\n<!-- \/wp:paragraph -->\n\n<!-- wp:paragraph -->\n<p><strong>Cr\u00e9dits photos :<\/strong><br>Matthieu L. infographiste, Esther Canda\u00ebs, Otmane Abdesselam<\/p>\n<!-- \/wp:paragraph -->\n\n<!-- wp:paragraph -->\n<p><strong>H\u00e9bergement :<\/strong> OVH<\/p>\n<!-- \/wp:paragraph -->\n\n<!-- wp:paragraph -->\n<p><strong>Informations l\u00e9gales :<\/strong><br>Les informations recueillies dans le cadre des formulaires en ligne remplis par vos soins font l\u2019objet d\u2019un traitement informatique destin\u00e9 \u00e0 l\u2019usage interne de l'Association Un brin de sens. Pr\u00e9cision \u00e9tant ici faite que sur chaque formulaire en ligne les champs obligatoires sont identifi\u00e9s clairement. Conform\u00e9ment \u00e0 la loi \u00ab Informatique et Libert\u00e9s \u00bb du 6 janvier 1978. Les donn\u00e9es sont conserv\u00e9es pendant 2 ans \u00e0 compter de notre dernier contact et sont destin\u00e9es exclusivement de l\u2019association Un brin de sens, elles ne seront pas transmises \u00e0 des tiers. vous b\u00e9n\u00e9ficiez d\u2019un droit d\u2019acc\u00e8s et de rectification aux informations qui vous concernent. Si vous souhaitez exercer ce droit et obtenir communication des informations vous concernant, veuillez vous adresser \u00e0 asso@unbrindesens.fr. Vous pouvez \u00e9galement, pour des motifs l\u00e9gitimes, vous opposer au traitement des donn\u00e9es vous concernant.<\/p>\n<!-- \/wp:paragraph -->\n\n<!-- wp:paragraph -->\n<p><strong>Cr\u00e9dits :<\/strong><br>Propri\u00e9t\u00e9 intellectuelle : L\u2019int\u00e9gralit\u00e9 du site <a href=\"https:\/\/broadwayinariege.fr\">https:\/\/broadwayinariege.fr<\/a> et l\u2019ensemble de ses sous-domaines est la propri\u00e9t\u00e9 exclusive de l\u2019association Un brin de sens (textes, photos, visites virtuelles, images et tout autre \u00e9l\u00e9ment.) Toute repr\u00e9sentation ou alt\u00e9ration, partielle ou totale, du site est formellement interdite.<\/p>\n<!-- \/wp:paragraph -->\n\n<!-- wp:paragraph -->\n<p><strong>Contenu :<\/strong><br>L\u2019association Un brin de sens se d\u00e9gage de toutes responsabilit\u00e9s concernant tout dommage direct ou indirect de quelque nature qu\u2019il soit, li\u00e9 \u00e0 l\u2019\u00e9ventuelle absence d\u2019exactitude, de fiabilit\u00e9, de pertinence, d\u2019exhaustivit\u00e9, d\u2019actualit\u00e9 du pr\u00e9sent site. Nous portons la plus grande attention \u00e0 l\u2019\u00e9laboration du contenu de ce site, mais des erreurs peuvent appara\u00eetre. C\u2019est pourquoi il est pr\u00e9cis\u00e9 que ledit contenu est non contractuel, et fourni \u00e0 titre indicatif. L\u2019association Un brin de sens se r\u00e9serve le droit de modifier, de corriger, ou de supprimer des informations sur son site, \u00e0 tout moment et sans pr\u00e9avis.<\/p>\n<!-- \/wp:paragraph -->\n\n<!-- wp:heading -->\n<h2 class=\"wp-block-heading\"><\/h2>\n<!-- \/wp:heading -->\n\n<!-- wp:paragraph -->\n<p><\/p>\n<!-- \/wp:paragraph -->\n\n<!-- wp:paragraph -->\n<p><\/p>\n<!-- \/wp:paragraph -->\n\n<!-- wp:paragraph -->\n<p><\/p>\n<!-- \/wp:paragraph -->\n\n<!-- wp:paragraph -->\n<p><\/p>\n<!-- \/wp:paragraph -->\n\n<!-- wp:paragraph -->\n<p><\/p>\n<!-- \/wp:paragraph -->\n\n<!-- wp:paragraph -->\n<p><\/p>\n<!-- \/wp:paragraph -->","_et_gb_content_width":"1080","footnotes":""},"class_list":["post-3","page","type-page","status-publish","hentry"],"_links":{"self":[{"href":"https:\/\/broadwayinariege.fr\/index.php\/wp-json\/wp\/v2\/pages\/3","targetHints":{"allow":["GET"]}}],"collection":[{"href":"https:\/\/broadwayinariege.fr\/index.php\/wp-json\/wp\/v2\/pages"}],"about":[{"href":"https:\/\/broadwayinariege.fr\/index.php\/wp-json\/wp\/v2\/types\/page"}],"author":[{"embeddable":true,"href":"https:\/\/broadwayinariege.fr\/index.php\/wp-json\/wp\/v2\/users\/1"}],"replies":[{"embeddable":true,"href":"https:\/\/broadwayinariege.fr\/index.php\/wp-json\/wp\/v2\/comments?post=3"}],"version-history":[{"count":6,"href":"https:\/\/broadwayinariege.fr\/index.php\/wp-json\/wp\/v2\/pages\/3\/revisions"}],"predecessor-version":[{"id":221,"href":"https:\/\/broadwayinariege.fr\/index.php\/wp-json\/wp\/v2\/pages\/3\/revisions\/221"}],"wp:attachment":[{"href":"https:\/\/broadwayinariege.fr\/index.php\/wp-json\/wp\/v2\/media?parent=3"}],"curies":[{"name":"wp","href":"https:\/\/api.w.org\/{rel}","templated":true}]}}